{"id":283,"date":"2024-01-15T17:09:15","date_gmt":"2024-01-15T17:09:15","guid":{"rendered":"https:\/\/www.samaniegoadministraciones.com\/?page_id=283"},"modified":"2024-01-15T17:16:53","modified_gmt":"2024-01-15T17:16:53","slug":"declaracion-de-accesibilidad","status":"publish","type":"page","link":"https:\/\/www.samaniegoadministraciones.com\/en\/declaracion-de-accesibilidad\/","title":{"rendered":"Declaraci\u00f3n de Accesibilidad"},"content":{"rendered":"<p>[et_pb_section fb_built=\u00bb1&#8243; admin_label=\u00bbsection\u00bb _builder_version=\u00bb4.23.4&#8243; background_color=\u00bbrgba(55,67,79,0.11)\u00bb custom_padding=\u00bb44px||19px|||\u00bb animation_style=\u00bbfade\u00bb locked=\u00bboff\u00bb collapsed=\u00bboff\u00bb global_colors_info=\u00bb{}\u00bb][et_pb_row admin_label=\u00bbrow\u00bb _builder_version=\u00bb4.23.4&#8243; background_size=\u00bbinitial\u00bb background_position=\u00bbtop_left\u00bb background_repeat=\u00bbrepeat\u00bb custom_margin=\u00bb-14px|auto||auto||\u00bb custom_padding=\u00bb16px|||||\u00bb global_colors_info=\u00bb{}\u00bb][et_pb_column type=\u00bb4_4&#8243; _builder_version=\u00bb4.16&#8243; custom_padding=\u00bb|||\u00bb global_colors_info=\u00bb{}\u00bb custom_padding__hover=\u00bb|||\u00bb][et_pb_text _builder_version=\u00bb4.23.4&#8243; _module_preset=\u00bbdefault\u00bb text_text_color=\u00bb#37434F\u00bb link_text_color=\u00bb#F1D02B\u00bb header_font_size=\u00bb51px\u00bb global_colors_info=\u00bb{}\u00bb]<\/p>\n<h1>Declaraci\u00f3n\u00a0 de Accesibilidad<\/h1>\n<p><a title=\"Inicio\" href=\"https:\/\/www.samaniegoadministraciones.com\/\">Inicio<\/a> | Declaraci\u00f3n de Accesibilidad<\/p>\n<p>[\/et_pb_text][\/et_pb_column][\/et_pb_row][\/et_pb_section][et_pb_section fb_built=\u00bb1&#8243; _builder_version=\u00bb4.16&#8243; collapsed=\u00bboff\u00bb global_colors_info=\u00bb{}\u00bb][et_pb_row _builder_version=\u00bb4.16&#8243; background_size=\u00bbinitial\u00bb background_position=\u00bbtop_left\u00bb background_repeat=\u00bbrepeat\u00bb custom_margin=\u00bb-21px|auto||366px||\u00bb global_colors_info=\u00bb{}\u00bb][et_pb_column type=\u00bb4_4&#8243; _builder_version=\u00bb4.16&#8243; custom_padding=\u00bb|||\u00bb global_colors_info=\u00bb{}\u00bb custom_padding__hover=\u00bb|||\u00bb][et_pb_text _builder_version=\u00bb4.23.4&#8243; background_size=\u00bbinitial\u00bb background_position=\u00bbtop_left\u00bb background_repeat=\u00bbrepeat\u00bb global_colors_info=\u00bb{}\u00bb]<\/p>\n<h2>El compromiso con la accesibilidad del sitio web<\/h2>\n<p>Estamos comprometidos a hacer que nuestro sitio web sea lo m\u00e1s accesible posible.<\/p>\n<p>Queremos que todos puedan usarlo, sin importar sus impedimentos y las tecnolog\u00edas que usan.<\/p>\n<p>Hemos creado el sitio teniendo en cuenta las pautas de accesibilidad web de mejores pr\u00e1cticas, incluidas\u00a0\u00a0<a href=\"https:\/\/www.w3.org\/TR\/WCAG20\/\" target=\"_blank\" rel=\"nofollow noreferrer noopener\">WCAG 2.0<\/a>\u00a0,\u00a0<a href=\"https:\/\/www.w3.org\/TR\/WCAG21\/\" target=\"_blank\" rel=\"nofollow noreferrer noopener\">WCAG 2.1<\/a>\u00a0\u00a0y\u00a0\u00a0<a href=\"https:\/\/www.hassellinclusion.com\/bs8878\/\" target=\"_blank\" rel=\"nofollow noreferrer noopener\">BS 8878<\/a>.\u00a0<\/p>\n<h2>Adaptando tu experiencia a tus necesidades<\/h2>\n<p>Hemos hecho que el sitio sea lo m\u00e1s usable posible, pero es posible que tenga una mejor experiencia si cambia la configuraci\u00f3n de su computadora para satisfacer sus necesidades individuales.<\/p>\n<p>Por ejemplo, puede cambiar los colores del sitio, aumentar el tama\u00f1o del texto o hacer que el sitio se hable en voz alta.<\/p>\n<p>Para obtener ayuda con la personalizaci\u00f3n de su experiencia usando las funciones de accesibilidad que ya tiene en su computadora, o instalando tecnolog\u00edas de asistencia adicionales.\u00a0Pruebe estos sitios:<\/p>\n<ul>\n<li>Mi computadora de AbilityNet<a href=\"https:\/\/mcmw.abilitynet.org.uk\/\" rel=\"nofollow\">, enlace a AbilityNet<\/a><\/li>\n<li><a href=\"https:\/\/www.w3.org\/WAI\/users\/browsing\" target=\"_blank\" rel=\"nofollow noreferrer noopener\">Mejor navegaci\u00f3n web<\/a> de la Iniciativa de Accesibilidad Web: Consejos para personalizar su computadora.<\/li>\n<\/ul>\n<h2><\/h2>\n<h2><\/h2>\n<h2>Preparaci\u00f3n de esta declaraci\u00f3n de accesibilidad<\/h2>\n<div class=\"application-notice info-notice\">\n<p>Esta declaraci\u00f3n fue preparada el 15 de Diciembre de 2023.<\/p>\n<\/div>\n<p>[\/et_pb_text][\/et_pb_column][\/et_pb_row][\/et_pb_section]<\/p>\n","protected":false},"excerpt":{"rendered":"<p>Declaraci\u00f3n\u00a0 de Accesibilidad Inicio | Declaraci\u00f3n de AccesibilidadEl compromiso con la accesibilidad del sitio web Estamos comprometidos a hacer que nuestro sitio web sea lo m\u00e1s accesible posible. Queremos que todos puedan usarlo, sin importar sus impedimentos y las tecnolog\u00edas que usan. Hemos creado el sitio teniendo en cuenta las pautas de accesibilidad web de [&hellip;]<\/p>\n","protected":false},"author":1,"featured_media":0,"parent":0,"menu_order":0,"comment_status":"closed","ping_status":"open","template":"","meta":{"_et_pb_use_builder":"on","_et_pb_old_content":"<!-- wp:heading -->\r\n<h2>Qui\u00e9nes somos<\/h2>\r\n<!-- \/wp:heading --><!-- wp:paragraph -->\r\n<p><strong class=\"privacy-policy-tutorial\">Texto sugerido: <\/strong>La direcci\u00f3n de nuestra web es: https:\/\/www.samaniegoadministraciones.com.<\/p>\r\n<!-- \/wp:paragraph --><!-- wp:heading -->\r\n<h2>Comentarios<\/h2>\r\n<!-- \/wp:heading --><!-- wp:paragraph -->\r\n<p><strong class=\"privacy-policy-tutorial\">Texto sugerido: <\/strong>Cuando los visitantes dejan comentarios en la web, recopilamos los datos que se muestran en el formulario de comentarios, as\u00ed como la direcci\u00f3n IP del visitante y la cadena de agentes de usuario del navegador para ayudar a la detecci\u00f3n de spam.<\/p>\r\n<!-- \/wp:paragraph --><!-- wp:paragraph -->\r\n<p>Una cadena an\u00f3nima creada a partir de tu direcci\u00f3n de correo electr\u00f3nico (tambi\u00e9n llamada hash) puede ser proporcionada al servicio de Gravatar para ver si la est\u00e1s usando. La pol\u00edtica de privacidad del servicio Gravatar est\u00e1 disponible aqu\u00ed: https:\/\/automattic.com\/privacy\/. Despu\u00e9s de la aprobaci\u00f3n de tu comentario, la imagen de tu perfil es visible para el p\u00fablico en el contexto de tu comentario.<\/p>\r\n<!-- \/wp:paragraph --><!-- wp:heading -->\r\n<h2>Medios<\/h2>\r\n<!-- \/wp:heading --><!-- wp:paragraph -->\r\n<p><strong class=\"privacy-policy-tutorial\">Texto sugerido: <\/strong>Si subes im\u00e1genes a la web, deber\u00edas evitar subir im\u00e1genes con datos de ubicaci\u00f3n (GPS EXIF) incluidos. Los visitantes de la web pueden descargar y extraer cualquier dato de ubicaci\u00f3n de las im\u00e1genes de la web.<\/p>\r\n<!-- \/wp:paragraph --><!-- wp:heading -->\r\n<h2>Cookies<\/h2>\r\n<!-- \/wp:heading --><!-- wp:paragraph -->\r\n<p><strong class=\"privacy-policy-tutorial\">Texto sugerido: <\/strong>Si dejas un comentario en nuestro sitio puedes elegir guardar tu nombre, direcci\u00f3n de correo electr\u00f3nico y web en cookies. Esto es para tu comodidad, para que no tengas que volver a rellenar tus datos cuando dejes otro comentario. Estas cookies tendr\u00e1n una duraci\u00f3n de un a\u00f1o.<\/p>\r\n<!-- \/wp:paragraph --><!-- wp:paragraph -->\r\n<p>Si tienes una cuenta y te conectas a este sitio, instalaremos una cookie temporal para determinar si tu navegador acepta cookies. Esta cookie no contiene datos personales y se elimina al cerrar el navegador.<\/p>\r\n<!-- \/wp:paragraph --><!-- wp:paragraph -->\r\n<p>Cuando accedas, tambi\u00e9n instalaremos varias cookies para guardar tu informaci\u00f3n de acceso y tus opciones de visualizaci\u00f3n de pantalla. Las cookies de acceso duran dos d\u00edas, y las cookies de opciones de pantalla duran un a\u00f1o. Si seleccionas \u00abRecu\u00e9rdarme\u00bb, tu acceso perdurar\u00e1 durante dos semanas. Si sales de tu cuenta, las cookies de acceso se eliminar\u00e1n.<\/p>\r\n<!-- \/wp:paragraph --><!-- wp:paragraph -->\r\n<p>Si editas o publicas un art\u00edculo se guardar\u00e1 una cookie adicional en tu navegador. Esta cookie no incluye datos personales y simplemente indica el ID del art\u00edculo que acabas de editar. Caduca despu\u00e9s de 1 d\u00eda.<\/p>\r\n<!-- \/wp:paragraph --><!-- wp:heading -->\r\n<h2>Contenido incrustado de otros sitios web<\/h2>\r\n<!-- \/wp:heading --><!-- wp:paragraph -->\r\n<p><strong class=\"privacy-policy-tutorial\">Texto sugerido: <\/strong>Los art\u00edculos de este sitio pueden incluir contenido incrustado (por ejemplo, v\u00eddeos, im\u00e1genes, art\u00edculos, etc.). El contenido incrustado de otras webs se comporta exactamente de la misma manera que si el visitante hubiera visitado la otra web.<\/p>\r\n<!-- \/wp:paragraph --><!-- wp:paragraph -->\r\n<p>Estas web pueden recopilar datos sobre ti, utilizar cookies, incrustar un seguimiento adicional de terceros, y supervisar tu interacci\u00f3n con ese contenido incrustado, incluido el seguimiento de tu interacci\u00f3n con el contenido incrustado si tienes una cuenta y est\u00e1s conectado a esa web.<\/p>\r\n<!-- \/wp:paragraph --><!-- wp:heading -->\r\n<h2>Con qui\u00e9n compartimos tus datos<\/h2>\r\n<!-- \/wp:heading --><!-- wp:paragraph -->\r\n<p><strong class=\"privacy-policy-tutorial\">Texto sugerido: <\/strong>Si solicitas un restablecimiento de contrase\u00f1a, tu direcci\u00f3n IP ser\u00e1 incluida en el correo electr\u00f3nico de restablecimiento.<\/p>\r\n<!-- \/wp:paragraph --><!-- wp:heading -->\r\n<h2>Cu\u00e1nto tiempo conservamos tus datos<\/h2>\r\n<!-- \/wp:heading --><!-- wp:paragraph -->\r\n<p><strong class=\"privacy-policy-tutorial\">Texto sugerido: <\/strong>Si dejas un comentario, el comentario y sus metadatos se conservan indefinidamente. Esto es para que podamos reconocer y aprobar comentarios sucesivos autom\u00e1ticamente, en lugar de mantenerlos en una cola de moderaci\u00f3n.<\/p>\r\n<!-- \/wp:paragraph --><!-- wp:paragraph -->\r\n<p>De los usuarios que se registran en nuestra web (si los hay), tambi\u00e9n almacenamos la informaci\u00f3n personal que proporcionan en su perfil de usuario. Todos los usuarios pueden ver, editar o eliminar su informaci\u00f3n personal en cualquier momento (excepto que no pueden cambiar su nombre de usuario). Los administradores de la web tambi\u00e9n pueden ver y editar esa informaci\u00f3n.<\/p>\r\n<!-- \/wp:paragraph --><!-- wp:heading -->\r\n<h2>Qu\u00e9 derechos tienes sobre tus datos<\/h2>\r\n<!-- \/wp:heading --><!-- wp:paragraph -->\r\n<p><strong class=\"privacy-policy-tutorial\">Texto sugerido: <\/strong>Si tienes una cuenta o has dejado comentarios en esta web, puedes solicitar recibir un archivo de exportaci\u00f3n de los datos personales que tenemos sobre ti, incluyendo cualquier dato que nos hayas proporcionado. Tambi\u00e9n puedes solicitar que eliminemos cualquier dato personal que tengamos sobre ti. Esto no incluye ning\u00fan dato que estemos obligados a conservar con fines administrativos, legales o de seguridad.<\/p>\r\n<!-- \/wp:paragraph --><!-- wp:heading -->\r\n<h2>D\u00f3nde se env\u00edan tus datos<\/h2>\r\n<!-- \/wp:heading --><!-- wp:paragraph -->\r\n<p><strong class=\"privacy-policy-tutorial\">Texto sugerido: <\/strong>Los comentarios de los visitantes puede que los revise un servicio de detecci\u00f3n autom\u00e1tica de spam.<\/p>\r\n<!-- \/wp:paragraph -->","_et_gb_content_width":"","footnotes":""},"class_list":["post-283","page","type-page","status-publish","hentry"],"yoast_head":"<!-- This site is optimized with the Yoast SEO plugin v27.3 - https:\/\/yoast.com\/product\/yoast-seo-wordpress\/ -->\n<title>Declaraci\u00f3n de Accesibilidad - Samaniego Administradores de Fincas<\/title>\n<meta name=\"description\" content=\"Declaraci\u00f3n de Accesibilidad, SAMANIEGO ADMINISTRACIONES\" \/>\n<meta name=\"robots\" content=\"index, follow, max-snippet:-1, max-image-preview:large, max-video-preview:-1\" \/>\n<link rel=\"canonical\" href=\"https:\/\/www.samaniegoadministraciones.com\/en\/declaracion-de-accesibilidad\/\" \/>\n<meta property=\"og:locale\" content=\"en_GB\" \/>\n<meta property=\"og:type\" content=\"article\" \/>\n<meta property=\"og:title\" content=\"Declaraci\u00f3n de Accesibilidad - Samaniego Administradores de Fincas\" \/>\n<meta property=\"og:description\" content=\"Declaraci\u00f3n de Accesibilidad, SAMANIEGO ADMINISTRACIONES\" \/>\n<meta property=\"og:url\" content=\"https:\/\/www.samaniegoadministraciones.com\/en\/declaracion-de-accesibilidad\/\" \/>\n<meta property=\"og:site_name\" content=\"Samaniego Administradores de Fincas\" \/>\n<meta property=\"article:publisher\" content=\"https:\/\/www.facebook.com\/samaniegoadministraciones\/\" \/>\n<meta property=\"article:modified_time\" content=\"2024-01-15T17:16:53+00:00\" \/>\n<meta name=\"twitter:card\" content=\"summary_large_image\" \/>\n<meta name=\"twitter:site\" content=\"@samaniego153178\" \/>\n<meta name=\"twitter:label1\" content=\"Estimated reading time\" \/>\n\t<meta name=\"twitter:data1\" content=\"1 minute\" \/>\n<script type=\"application\/ld+json\" class=\"yoast-schema-graph\">{\"@context\":\"https:\\\/\\\/schema.org\",\"@graph\":[{\"@type\":\"WebPage\",\"@id\":\"https:\\\/\\\/www.samaniegoadministraciones.com\\\/declaracion-de-accesibilidad\\\/\",\"url\":\"https:\\\/\\\/www.samaniegoadministraciones.com\\\/declaracion-de-accesibilidad\\\/\",\"name\":\"Declaraci\u00f3n de Accesibilidad - Samaniego Administradores de Fincas\",\"isPartOf\":{\"@id\":\"https:\\\/\\\/www.samaniegoadministraciones.com\\\/#website\"},\"datePublished\":\"2024-01-15T17:09:15+00:00\",\"dateModified\":\"2024-01-15T17:16:53+00:00\",\"description\":\"Declaraci\u00f3n de Accesibilidad, SAMANIEGO ADMINISTRACIONES\",\"inLanguage\":\"en-GB\",\"potentialAction\":[{\"@type\":\"ReadAction\",\"target\":[\"https:\\\/\\\/www.samaniegoadministraciones.com\\\/declaracion-de-accesibilidad\\\/\"]}]},{\"@type\":\"WebSite\",\"@id\":\"https:\\\/\\\/www.samaniegoadministraciones.com\\\/#website\",\"url\":\"https:\\\/\\\/www.samaniegoadministraciones.com\\\/\",\"name\":\"Samaniego, Adminitradores de Fincas\",\"description\":\"Samaniego Administradores\",\"publisher\":{\"@id\":\"https:\\\/\\\/www.samaniegoadministraciones.com\\\/#organization\"},\"alternateName\":\"Samaniego Administraciones\",\"potentialAction\":[{\"@type\":\"SearchAction\",\"target\":{\"@type\":\"EntryPoint\",\"urlTemplate\":\"https:\\\/\\\/www.samaniegoadministraciones.com\\\/?s={search_term_string}\"},\"query-input\":{\"@type\":\"PropertyValueSpecification\",\"valueRequired\":true,\"valueName\":\"search_term_string\"}}],\"inLanguage\":\"en-GB\"},{\"@type\":\"Organization\",\"@id\":\"https:\\\/\\\/www.samaniegoadministraciones.com\\\/#organization\",\"name\":\"Samaniego, Adminitradores de Fincas\",\"alternateName\":\"Samaniego Administraciones\",\"url\":\"https:\\\/\\\/www.samaniegoadministraciones.com\\\/\",\"logo\":{\"@type\":\"ImageObject\",\"inLanguage\":\"en-GB\",\"@id\":\"https:\\\/\\\/www.samaniegoadministraciones.com\\\/#\\\/schema\\\/logo\\\/image\\\/\",\"url\":\"https:\\\/\\\/www.samaniegoadministraciones.com\\\/wp-content\\\/uploads\\\/2024\\\/01\\\/samaniego-administradores-azul-jpg.webp\",\"contentUrl\":\"https:\\\/\\\/www.samaniegoadministraciones.com\\\/wp-content\\\/uploads\\\/2024\\\/01\\\/samaniego-administradores-azul-jpg.webp\",\"width\":200,\"height\":200,\"caption\":\"Samaniego, Adminitradores de Fincas\"},\"image\":{\"@id\":\"https:\\\/\\\/www.samaniegoadministraciones.com\\\/#\\\/schema\\\/logo\\\/image\\\/\"},\"sameAs\":[\"https:\\\/\\\/www.facebook.com\\\/samaniegoadministraciones\\\/\",\"https:\\\/\\\/x.com\\\/samaniego153178\",\"https:\\\/\\\/www.linkedin.com\\\/company\\\/samaniego-administraciones-sl?trk=company_logo\",\"https:\\\/\\\/www.instagram.com\\\/samaniego.administradores\\\/\"]}]}<\/script>\n<!-- \/ Yoast SEO plugin. -->","yoast_head_json":{"title":"Declaraci\u00f3n de Accesibilidad - Samaniego Administradores de Fincas","description":"Declaraci\u00f3n de Accesibilidad, SAMANIEGO ADMINISTRACIONES","robots":{"index":"index","follow":"follow","max-snippet":"max-snippet:-1","max-image-preview":"max-image-preview:large","max-video-preview":"max-video-preview:-1"},"canonical":"https:\/\/www.samaniegoadministraciones.com\/en\/declaracion-de-accesibilidad\/","og_locale":"en_GB","og_type":"article","og_title":"Declaraci\u00f3n de Accesibilidad - Samaniego Administradores de Fincas","og_description":"Declaraci\u00f3n de Accesibilidad, SAMANIEGO ADMINISTRACIONES","og_url":"https:\/\/www.samaniegoadministraciones.com\/en\/declaracion-de-accesibilidad\/","og_site_name":"Samaniego Administradores de Fincas","article_publisher":"https:\/\/www.facebook.com\/samaniegoadministraciones\/","article_modified_time":"2024-01-15T17:16:53+00:00","twitter_card":"summary_large_image","twitter_site":"@samaniego153178","twitter_misc":{"Estimated reading time":"1 minute"},"schema":{"@context":"https:\/\/schema.org","@graph":[{"@type":"WebPage","@id":"https:\/\/www.samaniegoadministraciones.com\/declaracion-de-accesibilidad\/","url":"https:\/\/www.samaniegoadministraciones.com\/declaracion-de-accesibilidad\/","name":"Declaraci\u00f3n de Accesibilidad - Samaniego Administradores de Fincas","isPartOf":{"@id":"https:\/\/www.samaniegoadministraciones.com\/#website"},"datePublished":"2024-01-15T17:09:15+00:00","dateModified":"2024-01-15T17:16:53+00:00","description":"Declaraci\u00f3n de Accesibilidad, SAMANIEGO ADMINISTRACIONES","inLanguage":"en-GB","potentialAction":[{"@type":"ReadAction","target":["https:\/\/www.samaniegoadministraciones.com\/declaracion-de-accesibilidad\/"]}]},{"@type":"WebSite","@id":"https:\/\/www.samaniegoadministraciones.com\/#website","url":"https:\/\/www.samaniegoadministraciones.com\/","name":"Samaniego, Adminitradores de Fincas","description":"Samaniego Administradores","publisher":{"@id":"https:\/\/www.samaniegoadministraciones.com\/#organization"},"alternateName":"Samaniego Administraciones","potentialAction":[{"@type":"SearchAction","target":{"@type":"EntryPoint","urlTemplate":"https:\/\/www.samaniegoadministraciones.com\/?s={search_term_string}"},"query-input":{"@type":"PropertyValueSpecification","valueRequired":true,"valueName":"search_term_string"}}],"inLanguage":"en-GB"},{"@type":"Organization","@id":"https:\/\/www.samaniegoadministraciones.com\/#organization","name":"Samaniego, Adminitradores de Fincas","alternateName":"Samaniego Administraciones","url":"https:\/\/www.samaniegoadministraciones.com\/","logo":{"@type":"ImageObject","inLanguage":"en-GB","@id":"https:\/\/www.samaniegoadministraciones.com\/#\/schema\/logo\/image\/","url":"https:\/\/www.samaniegoadministraciones.com\/wp-content\/uploads\/2024\/01\/samaniego-administradores-azul-jpg.webp","contentUrl":"https:\/\/www.samaniegoadministraciones.com\/wp-content\/uploads\/2024\/01\/samaniego-administradores-azul-jpg.webp","width":200,"height":200,"caption":"Samaniego, Adminitradores de Fincas"},"image":{"@id":"https:\/\/www.samaniegoadministraciones.com\/#\/schema\/logo\/image\/"},"sameAs":["https:\/\/www.facebook.com\/samaniegoadministraciones\/","https:\/\/x.com\/samaniego153178","https:\/\/www.linkedin.com\/company\/samaniego-administraciones-sl?trk=company_logo","https:\/\/www.instagram.com\/samaniego.administradores\/"]}]}},"_links":{"self":[{"href":"https:\/\/www.samaniegoadministraciones.com\/en\/wp-json\/wp\/v2\/pages\/283","targetHints":{"allow":["GET"]}}],"collection":[{"href":"https:\/\/www.samaniegoadministraciones.com\/en\/wp-json\/wp\/v2\/pages"}],"about":[{"href":"https:\/\/www.samaniegoadministraciones.com\/en\/wp-json\/wp\/v2\/types\/page"}],"author":[{"embeddable":true,"href":"https:\/\/www.samaniegoadministraciones.com\/en\/wp-json\/wp\/v2\/users\/1"}],"replies":[{"embeddable":true,"href":"https:\/\/www.samaniegoadministraciones.com\/en\/wp-json\/wp\/v2\/comments?post=283"}],"version-history":[{"count":5,"href":"https:\/\/www.samaniegoadministraciones.com\/en\/wp-json\/wp\/v2\/pages\/283\/revisions"}],"predecessor-version":[{"id":290,"href":"https:\/\/www.samaniegoadministraciones.com\/en\/wp-json\/wp\/v2\/pages\/283\/revisions\/290"}],"wp:attachment":[{"href":"https:\/\/www.samaniegoadministraciones.com\/en\/wp-json\/wp\/v2\/media?parent=283"}],"curies":[{"name":"wp","href":"https:\/\/api.w.org\/{rel}","templated":true}]}}