{"id":199,"date":"2024-01-12T11:50:28","date_gmt":"2024-01-12T11:50:28","guid":{"rendered":"https:\/\/www.samaniegoadministraciones.com\/?page_id=199"},"modified":"2024-01-17T15:06:14","modified_gmt":"2024-01-17T15:06:14","slug":"gestion-inmobiliaria-en-tenerife","status":"publish","type":"page","link":"https:\/\/www.samaniegoadministraciones.com\/en\/gestion-inmobiliaria-en-tenerife\/","title":{"rendered":"Gesti\u00f3n Inmobiliaria en Tenerife"},"content":{"rendered":"<p>[et_pb_section fb_built=\u00bb1&#8243; admin_label=\u00bbsection\u00bb _builder_version=\u00bb4.23.4&#8243; background_color=\u00bbrgba(55,67,79,0.11)\u00bb custom_padding=\u00bb44px||19px|||\u00bb animation_style=\u00bbfade\u00bb global_colors_info=\u00bb{}\u00bb][et_pb_row admin_label=\u00bbrow\u00bb _builder_version=\u00bb4.23.4&#8243; background_size=\u00bbinitial\u00bb background_position=\u00bbtop_left\u00bb background_repeat=\u00bbrepeat\u00bb custom_margin=\u00bb-14px|auto||auto||\u00bb custom_padding=\u00bb16px|||||\u00bb global_colors_info=\u00bb{}\u00bb][et_pb_column type=\u00bb4_4&#8243; _builder_version=\u00bb4.16&#8243; custom_padding=\u00bb|||\u00bb global_colors_info=\u00bb{}\u00bb custom_padding__hover=\u00bb|||\u00bb][et_pb_text _builder_version=\u00bb4.23.4&#8243; _module_preset=\u00bbdefault\u00bb text_text_color=\u00bb#37434F\u00bb link_text_color=\u00bb#F1D02B\u00bb header_font_size=\u00bb51px\u00bb global_colors_info=\u00bb{}\u00bb]<\/p>\n<h1>Inmobiliaria<\/h1>\n<p><a title=\"Inicio\" href=\"https:\/\/www.samaniegoadministraciones.com\/\">Inicio<\/a> | Inmobiliaria<\/p>\n<p>[\/et_pb_text][\/et_pb_column][\/et_pb_row][\/et_pb_section][et_pb_section fb_built=\u00bb1&#8243; admin_label=\u00bbAbout\u00bb _builder_version=\u00bb4.18.0&#8243; _module_preset=\u00bbdefault\u00bb custom_padding=\u00bb0px||0px||true|false\u00bb locked=\u00bboff\u00bb collapsed=\u00bboff\u00bb global_colors_info=\u00bb{}\u00bb][et_pb_row use_custom_gutter=\u00bbon\u00bb gutter_width=\u00bb1&#8243; make_equal=\u00bbon\u00bb _builder_version=\u00bb4.23.4&#8243; _module_preset=\u00bbdefault\u00bb width=\u00bb100%\u00bb max_width=\u00bb100%\u00bb custom_padding=\u00bb0px||0px||true|false\u00bb animation_style=\u00bbfade\u00bb global_colors_info=\u00bb{}\u00bb][et_pb_column type=\u00bb4_4&#8243; _builder_version=\u00bb4.23.4&#8243; _module_preset=\u00bbdefault\u00bb custom_padding=\u00bb1%|5%|1%|5%|true|true\u00bb animation_style=\u00bbbounce\u00bb global_colors_info=\u00bb{}\u00bb][et_pb_text _builder_version=\u00bb4.23.4&#8243; _module_preset=\u00bbe6504a1b-67eb-4b3d-b023-bcab277610b6&#8243; header_4_font=\u00bbUbuntu|700||on|||||\u00bb header_4_text_color=\u00bb#F1D02B\u00bb header_4_font_size=\u00bb14px\u00bb header_4_line_height=\u00bb1.5em\u00bb custom_margin=\u00bb||0px||false|false\u00bb global_colors_info=\u00bb{}\u00bb]<\/p>\n<h4>Samaniego Administradores en Tenerife<\/h4>\n<p>[\/et_pb_text][et_pb_text _builder_version=\u00bb4.23.4&#8243; _module_preset=\u00bbb327cbe4-b1d5-4b66-ad37-40c8f2f061ba\u00bb header_2_font=\u00bbPlayfair Display|700|||||||\u00bb header_2_text_color=\u00bb#37434F\u00bb header_2_font_size=\u00bb35px\u00bb header_2_line_height=\u00bb1.35em\u00bb custom_margin=\u00bb||14px||false|false\u00bb header_2_font_size_tablet=\u00bb32px\u00bb header_2_font_size_phone=\u00bb20px\u00bb header_2_font_size_last_edited=\u00bbon|desktop\u00bb global_colors_info=\u00bb{}\u00bb]<\/p>\n<h2>Gesti\u00f3n Inmobiliaria<\/h2>\n<p>[\/et_pb_text][et_pb_text _builder_version=\u00bb4.23.4&#8243; _module_preset=\u00bbdefault\u00bb text_font=\u00bb|300|||||||\u00bb global_colors_info=\u00bb{}\u00bb]<\/p>\n<p>Le garantizamos la gesti\u00f3n en la compra &#8211; venta o alquiler de su inmueble, de una forma profesional, segura e inteligente. Le acompa\u00f1aremos y guiaremos en todo el proceso, con el \u00fanico objetivo de garantizar la satisfacci\u00f3n del resultado final de la compra, venta o alquiler de su inmueble.<\/p>\n<p>[\/et_pb_text][\/et_pb_column][\/et_pb_row][et_pb_row column_structure=\u00bb1_3,1_3,1_3&#8243; use_custom_gutter=\u00bbon\u00bb gutter_width=\u00bb1&#8243; make_equal=\u00bbon\u00bb _builder_version=\u00bb4.23.4&#8243; _module_preset=\u00bbdefault\u00bb width=\u00bb100%\u00bb max_width=\u00bb100%\u00bb custom_padding=\u00bb0px||0px||true|false\u00bb global_colors_info=\u00bb{}\u00bb][et_pb_column type=\u00bb1_3&#8243; _builder_version=\u00bb4.23.4&#8243; _module_preset=\u00bbdefault\u00bb custom_padding=\u00bb4%|5%|4%|5%|true|true\u00bb animation_style=\u00bbbounce\u00bb global_colors_info=\u00bb{}\u00bb][et_pb_text _builder_version=\u00bb4.23.4&#8243; _module_preset=\u00bb1f09816e-184e-4ce5-a4cf-b39c52c423ca\u00bb text_font=\u00bb|300|||||||\u00bb text_line_height=\u00bb1.8em\u00bb custom_margin=\u00bb||15px||false|false\u00bb text_font_size_tablet=\u00bb15px\u00bb text_font_size_phone=\u00bb14px\u00bb text_font_size_last_edited=\u00bbon|phone\u00bb header_font_size_tablet=\u00bb55px\u00bb header_font_size_last_edited=\u00bboff|desktop\u00bb global_colors_info=\u00bb{}\u00bb]<\/p>\n<h2>Servicios de compra y venta<\/h2>\n<p>[\/et_pb_text][et_pb_text _builder_version=\u00bb4.23.4&#8243; _module_preset=\u00bb1f09816e-184e-4ce5-a4cf-b39c52c423ca\u00bb text_font=\u00bb|300|||||||\u00bb text_line_height=\u00bb1.8em\u00bb custom_margin=\u00bb||30px||false|false\u00bb text_font_size_tablet=\u00bb15px\u00bb text_font_size_phone=\u00bb14px\u00bb text_font_size_last_edited=\u00bbon|phone\u00bb header_font_size_tablet=\u00bb55px\u00bb header_font_size_last_edited=\u00bboff|desktop\u00bb global_colors_info=\u00bb{}\u00bb]<\/p>\n<p>Compra y Venta.<br \/>Viviendas.<br \/>Casas y Chalets.<br \/>Locales Comerciales.<br \/>Oficinas.<br \/>Garajes.<br \/>Naves Industriales.<br \/>Fincas r\u00fasticas.<\/p>\n<p>[\/et_pb_text][\/et_pb_column][et_pb_column type=\u00bb1_3&#8243; _builder_version=\u00bb4.23.4&#8243; _module_preset=\u00bbdefault\u00bb background_image=\u00bbhttps:\/\/www.samaniegoadministraciones.com\/wp-content\/uploads\/2024\/01\/venta-alquiler-villas-tenerife-jpg.webp\u00bb background_position=\u00bbtop_center\u00bb animation_style=\u00bbfade\u00bb animation_direction=\u00bbright\u00bb global_colors_info=\u00bb{}\u00bb][et_pb_divider show_divider=\u00bboff\u00bb _builder_version=\u00bb4.18.0&#8243; _module_preset=\u00bbdefault\u00bb height_tablet=\u00bb60vw\u00bb height_phone=\u00bb60vw\u00bb height_last_edited=\u00bbon|desktop\u00bb global_colors_info=\u00bb{}\u00bb][\/et_pb_divider][\/et_pb_column][et_pb_column type=\u00bb1_3&#8243; _builder_version=\u00bb4.23.4&#8243; _module_preset=\u00bbdefault\u00bb background_enable_image=\u00bboff\u00bb background_position=\u00bbtop_center\u00bb custom_padding=\u00bb4%|5%|4%|5%|true|true\u00bb animation_style=\u00bbbounce\u00bb global_colors_info=\u00bb{}\u00bb][et_pb_text _builder_version=\u00bb4.23.4&#8243; _module_preset=\u00bb1f09816e-184e-4ce5-a4cf-b39c52c423ca\u00bb text_font=\u00bb|300|||||||\u00bb text_line_height=\u00bb1.8em\u00bb custom_margin=\u00bb||15px||false|false\u00bb text_font_size_tablet=\u00bb15px\u00bb text_font_size_phone=\u00bb14px\u00bb text_font_size_last_edited=\u00bbon|phone\u00bb header_font_size_tablet=\u00bb55px\u00bb header_font_size_last_edited=\u00bboff|desktop\u00bb locked=\u00bboff\u00bb global_colors_info=\u00bb{}\u00bb]<\/p>\n<h2>Servicios de alquiler<\/h2>\n<p>[\/et_pb_text][et_pb_text _builder_version=\u00bb4.23.4&#8243; _module_preset=\u00bbdefault\u00bb text_font=\u00bb|300|||||||\u00bb global_colors_info=\u00bb{}\u00bb]<\/p>\n<p>Viviendas<br \/>Casas y Chalets<br \/>Locales Comerciales<br \/>Oficinas<br \/>Garajes<br \/>Naves Industriales<br \/>Fincas r\u00fasticas<\/p>\n<p>[\/et_pb_text][\/et_pb_column][\/et_pb_row][\/et_pb_section]<\/p>\n","protected":false},"excerpt":{"rendered":"<p>Inmobiliaria Inicio | InmobiliariaSamaniego Administradores en TenerifeGesti\u00f3n InmobiliariaLe garantizamos la gesti\u00f3n en la compra &#8211; venta o alquiler de su inmueble, de una forma profesional, segura e inteligente. Le acompa\u00f1aremos y guiaremos en todo el proceso, con el \u00fanico objetivo de garantizar la satisfacci\u00f3n del resultado final de la compra, venta o alquiler de su [&hellip;]<\/p>\n","protected":false},"author":1,"featured_media":0,"parent":0,"menu_order":0,"comment_status":"closed","ping_status":"closed","template":"","meta":{"_et_pb_use_builder":"on","_et_pb_old_content":"","_et_gb_content_width":"","footnotes":""},"class_list":["post-199","page","type-page","status-publish","hentry"],"yoast_head":"<!-- This site is optimized with the Yoast SEO plugin v27.3 - https:\/\/yoast.com\/product\/yoast-seo-wordpress\/ -->\n<title>Gesti\u00f3n Inmobiliaria en Tenerife - Samaniego Administradores de Fincas<\/title>\n<meta name=\"description\" content=\"Gesti\u00f3n Inmobiliaria en Tenerife | compra - venta de inmuebles en Tenerife, ventas de villas de Lujo, casas, fincas. Alquiler de viviendas, administraci\u00f3n de alquileres en Tenerife\" \/>\n<meta name=\"robots\" content=\"index, follow, max-snippet:-1, max-image-preview:large, max-video-preview:-1\" \/>\n<link rel=\"canonical\" href=\"https:\/\/www.samaniegoadministraciones.com\/en\/gestion-inmobiliaria-en-tenerife\/\" \/>\n<meta property=\"og:locale\" content=\"en_GB\" \/>\n<meta property=\"og:type\" content=\"article\" \/>\n<meta property=\"og:title\" content=\"Gesti\u00f3n Inmobiliaria en Tenerife - Samaniego Administradores de Fincas\" \/>\n<meta property=\"og:description\" content=\"Gesti\u00f3n Inmobiliaria en Tenerife | compra - venta de inmuebles en Tenerife, ventas de villas de Lujo, casas, fincas. Alquiler de viviendas, administraci\u00f3n de alquileres en Tenerife\" \/>\n<meta property=\"og:url\" content=\"https:\/\/www.samaniegoadministraciones.com\/en\/gestion-inmobiliaria-en-tenerife\/\" \/>\n<meta property=\"og:site_name\" content=\"Samaniego Administradores de Fincas\" \/>\n<meta property=\"article:publisher\" content=\"https:\/\/www.facebook.com\/samaniegoadministraciones\/\" \/>\n<meta property=\"article:modified_time\" content=\"2024-01-17T15:06:14+00:00\" \/>\n<meta name=\"twitter:card\" content=\"summary_large_image\" \/>\n<meta name=\"twitter:site\" content=\"@samaniego153178\" \/>\n<meta name=\"twitter:label1\" content=\"Estimated reading time\" \/>\n\t<meta name=\"twitter:data1\" content=\"1 minute\" \/>\n<script type=\"application\/ld+json\" class=\"yoast-schema-graph\">{\"@context\":\"https:\\\/\\\/schema.org\",\"@graph\":[{\"@type\":\"WebPage\",\"@id\":\"https:\\\/\\\/www.samaniegoadministraciones.com\\\/gestion-inmobiliaria-en-tenerife\\\/\",\"url\":\"https:\\\/\\\/www.samaniegoadministraciones.com\\\/gestion-inmobiliaria-en-tenerife\\\/\",\"name\":\"Gesti\u00f3n Inmobiliaria en Tenerife - Samaniego Administradores de Fincas\",\"isPartOf\":{\"@id\":\"https:\\\/\\\/www.samaniegoadministraciones.com\\\/#website\"},\"datePublished\":\"2024-01-12T11:50:28+00:00\",\"dateModified\":\"2024-01-17T15:06:14+00:00\",\"description\":\"Gesti\u00f3n Inmobiliaria en Tenerife | compra - venta de inmuebles en Tenerife, ventas de villas de Lujo, casas, fincas. Alquiler de viviendas, administraci\u00f3n de alquileres en Tenerife\",\"inLanguage\":\"en-GB\",\"potentialAction\":[{\"@type\":\"ReadAction\",\"target\":[\"https:\\\/\\\/www.samaniegoadministraciones.com\\\/gestion-inmobiliaria-en-tenerife\\\/\"]}]},{\"@type\":\"WebSite\",\"@id\":\"https:\\\/\\\/www.samaniegoadministraciones.com\\\/#website\",\"url\":\"https:\\\/\\\/www.samaniegoadministraciones.com\\\/\",\"name\":\"Samaniego, Adminitradores de Fincas\",\"description\":\"Samaniego Administradores\",\"publisher\":{\"@id\":\"https:\\\/\\\/www.samaniegoadministraciones.com\\\/#organization\"},\"alternateName\":\"Samaniego Administraciones\",\"potentialAction\":[{\"@type\":\"SearchAction\",\"target\":{\"@type\":\"EntryPoint\",\"urlTemplate\":\"https:\\\/\\\/www.samaniegoadministraciones.com\\\/?s={search_term_string}\"},\"query-input\":{\"@type\":\"PropertyValueSpecification\",\"valueRequired\":true,\"valueName\":\"search_term_string\"}}],\"inLanguage\":\"en-GB\"},{\"@type\":\"Organization\",\"@id\":\"https:\\\/\\\/www.samaniegoadministraciones.com\\\/#organization\",\"name\":\"Samaniego, Adminitradores de Fincas\",\"alternateName\":\"Samaniego Administraciones\",\"url\":\"https:\\\/\\\/www.samaniegoadministraciones.com\\\/\",\"logo\":{\"@type\":\"ImageObject\",\"inLanguage\":\"en-GB\",\"@id\":\"https:\\\/\\\/www.samaniegoadministraciones.com\\\/#\\\/schema\\\/logo\\\/image\\\/\",\"url\":\"https:\\\/\\\/www.samaniegoadministraciones.com\\\/wp-content\\\/uploads\\\/2024\\\/01\\\/samaniego-administradores-azul-jpg.webp\",\"contentUrl\":\"https:\\\/\\\/www.samaniegoadministraciones.com\\\/wp-content\\\/uploads\\\/2024\\\/01\\\/samaniego-administradores-azul-jpg.webp\",\"width\":200,\"height\":200,\"caption\":\"Samaniego, Adminitradores de Fincas\"},\"image\":{\"@id\":\"https:\\\/\\\/www.samaniegoadministraciones.com\\\/#\\\/schema\\\/logo\\\/image\\\/\"},\"sameAs\":[\"https:\\\/\\\/www.facebook.com\\\/samaniegoadministraciones\\\/\",\"https:\\\/\\\/x.com\\\/samaniego153178\",\"https:\\\/\\\/www.linkedin.com\\\/company\\\/samaniego-administraciones-sl?trk=company_logo\",\"https:\\\/\\\/www.instagram.com\\\/samaniego.administradores\\\/\"]}]}<\/script>\n<!-- \/ Yoast SEO plugin. -->","yoast_head_json":{"title":"Gesti\u00f3n Inmobiliaria en Tenerife - Samaniego Administradores de Fincas","description":"Gesti\u00f3n Inmobiliaria en Tenerife | compra - venta de inmuebles en Tenerife, ventas de villas de Lujo, casas, fincas. Alquiler de viviendas, administraci\u00f3n de alquileres en Tenerife","robots":{"index":"index","follow":"follow","max-snippet":"max-snippet:-1","max-image-preview":"max-image-preview:large","max-video-preview":"max-video-preview:-1"},"canonical":"https:\/\/www.samaniegoadministraciones.com\/en\/gestion-inmobiliaria-en-tenerife\/","og_locale":"en_GB","og_type":"article","og_title":"Gesti\u00f3n Inmobiliaria en Tenerife - Samaniego Administradores de Fincas","og_description":"Gesti\u00f3n Inmobiliaria en Tenerife | compra - venta de inmuebles en Tenerife, ventas de villas de Lujo, casas, fincas. Alquiler de viviendas, administraci\u00f3n de alquileres en Tenerife","og_url":"https:\/\/www.samaniegoadministraciones.com\/en\/gestion-inmobiliaria-en-tenerife\/","og_site_name":"Samaniego Administradores de Fincas","article_publisher":"https:\/\/www.facebook.com\/samaniegoadministraciones\/","article_modified_time":"2024-01-17T15:06:14+00:00","twitter_card":"summary_large_image","twitter_site":"@samaniego153178","twitter_misc":{"Estimated reading time":"1 minute"},"schema":{"@context":"https:\/\/schema.org","@graph":[{"@type":"WebPage","@id":"https:\/\/www.samaniegoadministraciones.com\/gestion-inmobiliaria-en-tenerife\/","url":"https:\/\/www.samaniegoadministraciones.com\/gestion-inmobiliaria-en-tenerife\/","name":"Gesti\u00f3n Inmobiliaria en Tenerife - Samaniego Administradores de Fincas","isPartOf":{"@id":"https:\/\/www.samaniegoadministraciones.com\/#website"},"datePublished":"2024-01-12T11:50:28+00:00","dateModified":"2024-01-17T15:06:14+00:00","description":"Gesti\u00f3n Inmobiliaria en Tenerife | compra - venta de inmuebles en Tenerife, ventas de villas de Lujo, casas, fincas. Alquiler de viviendas, administraci\u00f3n de alquileres en Tenerife","inLanguage":"en-GB","potentialAction":[{"@type":"ReadAction","target":["https:\/\/www.samaniegoadministraciones.com\/gestion-inmobiliaria-en-tenerife\/"]}]},{"@type":"WebSite","@id":"https:\/\/www.samaniegoadministraciones.com\/#website","url":"https:\/\/www.samaniegoadministraciones.com\/","name":"Samaniego, Adminitradores de Fincas","description":"Samaniego Administradores","publisher":{"@id":"https:\/\/www.samaniegoadministraciones.com\/#organization"},"alternateName":"Samaniego Administraciones","potentialAction":[{"@type":"SearchAction","target":{"@type":"EntryPoint","urlTemplate":"https:\/\/www.samaniegoadministraciones.com\/?s={search_term_string}"},"query-input":{"@type":"PropertyValueSpecification","valueRequired":true,"valueName":"search_term_string"}}],"inLanguage":"en-GB"},{"@type":"Organization","@id":"https:\/\/www.samaniegoadministraciones.com\/#organization","name":"Samaniego, Adminitradores de Fincas","alternateName":"Samaniego Administraciones","url":"https:\/\/www.samaniegoadministraciones.com\/","logo":{"@type":"ImageObject","inLanguage":"en-GB","@id":"https:\/\/www.samaniegoadministraciones.com\/#\/schema\/logo\/image\/","url":"https:\/\/www.samaniegoadministraciones.com\/wp-content\/uploads\/2024\/01\/samaniego-administradores-azul-jpg.webp","contentUrl":"https:\/\/www.samaniegoadministraciones.com\/wp-content\/uploads\/2024\/01\/samaniego-administradores-azul-jpg.webp","width":200,"height":200,"caption":"Samaniego, Adminitradores de Fincas"},"image":{"@id":"https:\/\/www.samaniegoadministraciones.com\/#\/schema\/logo\/image\/"},"sameAs":["https:\/\/www.facebook.com\/samaniegoadministraciones\/","https:\/\/x.com\/samaniego153178","https:\/\/www.linkedin.com\/company\/samaniego-administraciones-sl?trk=company_logo","https:\/\/www.instagram.com\/samaniego.administradores\/"]}]}},"_links":{"self":[{"href":"https:\/\/www.samaniegoadministraciones.com\/en\/wp-json\/wp\/v2\/pages\/199","targetHints":{"allow":["GET"]}}],"collection":[{"href":"https:\/\/www.samaniegoadministraciones.com\/en\/wp-json\/wp\/v2\/pages"}],"about":[{"href":"https:\/\/www.samaniegoadministraciones.com\/en\/wp-json\/wp\/v2\/types\/page"}],"author":[{"embeddable":true,"href":"https:\/\/www.samaniegoadministraciones.com\/en\/wp-json\/wp\/v2\/users\/1"}],"replies":[{"embeddable":true,"href":"https:\/\/www.samaniegoadministraciones.com\/en\/wp-json\/wp\/v2\/comments?post=199"}],"version-history":[{"count":7,"href":"https:\/\/www.samaniegoadministraciones.com\/en\/wp-json\/wp\/v2\/pages\/199\/revisions"}],"predecessor-version":[{"id":365,"href":"https:\/\/www.samaniegoadministraciones.com\/en\/wp-json\/wp\/v2\/pages\/199\/revisions\/365"}],"wp:attachment":[{"href":"https:\/\/www.samaniegoadministraciones.com\/en\/wp-json\/wp\/v2\/media?parent=199"}],"curies":[{"name":"wp","href":"https:\/\/api.w.org\/{rel}","templated":true}]}}